{"id":252,"date":"2016-12-08T14:14:26","date_gmt":"2016-12-08T14:14:26","guid":{"rendered":"http:\/\/localhost\/lieblingsquartiere2\/?page_id=252"},"modified":"2025-02-07T13:18:56","modified_gmt":"2025-02-07T12:18:56","slug":"impressum","status":"publish","type":"page","link":"https:\/\/lieblingsquartiere.com\/en\/impressum\/","title":{"rendered":"Imprint"},"content":{"rendered":"<p><strong>Angaben gem\u00e4\u00df \u00a7 5 DDG:<br class=\"br\" \/><br \/>\n<\/strong>Lieblingsquartiere GbR<br class=\"br\" \/><br \/>\n\u00d6velg\u00f6nne 37<br class=\"br\" \/><br \/>\nc\/o Tanja Schwarz<br class=\"br\" \/><br \/>\n22605 Hamburg<\/p>\n<p><strong>Represented by:<br class=\"br\" \/><br \/>\n<\/strong>Tanja Schwarz and Kathrin G\u00fcnther<\/p>\n<p><strong>Contact:<br class=\"br\" \/><br \/>\n<\/strong>Phone: 040- 34993474<br class=\"br\" \/><br \/>\nEmail: contact@lieblingsquartiere.com<\/p>\n<p><strong>Responsible for the content according to \u00a7 55 para. 2 RStV:<br class=\"br\" \/><br \/>\n<\/strong>Tanja Schwarz and Kathrin G\u00fcnther<\/p>\n<hr \/>\n<h2>Disclaimer<\/h2>\n<p><strong>Liability for contents<br class=\"br\" \/><br \/>\n<\/strong>As a service provider, we are responsible for our own content on these pages in accordance with general legislation pursuant to Section 7 (1) of the German Telemedia Act (TMG). According to \u00a7\u00a7 8 to 10 TMG, however, we are not obligated as a service provider to monitor transmitted or stored third-party information or to investigate circumstances that indicate illegal activity.<\/p>\n<p>Obligations to remove or block the use of information according to general laws remain unaffected. However, liability in this regard is only possible from the time of knowledge of a concrete infringement. If we become aware of such infringements, we will remove this content immediately.<\/p>\n<p><strong>Liability for links<br class=\"br\" \/><br \/>\n<\/strong>Our offer contains links to external websites of third parties, on whose contents we have no influence. Therefore, we cannot assume any liability for these external contents. The respective provider or operator of the pages is always responsible for the content of the linked pages. The linked pages were checked for possible legal violations at the time of linking. Illegal contents were not recognizable at the time of linking.<\/p>\n<p>However, a permanent control of the contents of the linked pages is not reasonable without concrete evidence of a violation of the law. If we become aware of any infringements, we will remove such links immediately.<\/p>\n<p><strong>Copyright<br class=\"br\" \/><br \/>\n<\/strong>Die durch die Seitenbetreiber erstellten Inhalte und Werke auf diesen Seiten unterliegen dem deutschen Urheberrecht. Die Vervielf\u00e4ltigung, Bearbeitung, Verbreitung und jede Art der Verwertung au\u00dferhalb der Grenzen des Urheberrechtes bed\u00fcrfen der schriftlichen Zustimmung des jeweiligen Autors bzw. Erstellers.\u00a0<\/p>\n<p>Sollten Sie auf eine Urheberrechtsverletzung aufmerksam werden, bitten wir um einen entsprechenden Hinweis. Bei Bekanntwerden von Rechtsverletzungen werden wir derartige Inhalte umgehend entfernen.<\/p>\n<p>&nbsp;<\/p>","protected":false},"excerpt":{"rendered":"<p>Angaben gem\u00e4\u00df \u00a7 5 DDG: Lieblingsquartiere GbR \u00d6velg\u00f6nne 37 c\/o Tanja Schwarz 22605 Hamburg Vertreten durch: Tanja Schwarz und Kathrin G\u00fcnther Kontakt: Telefon: 040- 34993474 E-Mail: contact@lieblingsquartiere.com Verantwortlich f\u00fcr den Inhalt nach \u00a7 55 Abs. 2 RStV: Tanja Schwarz und Kathrin G\u00fcnther Haftungsausschluss (Disclaimer) Haftung f\u00fcr Inhalte Als Diensteanbieter sind wir gem\u00e4\u00df \u00a7 7 Abs.1 [&hellip;]<\/p>\n","protected":false},"author":3,"featured_media":0,"parent":0,"menu_order":22,"comment_status":"closed","ping_status":"closed","template":"","meta":{"_acf_changed":false,"footnotes":""},"class_list":["post-252","page","type-page","status-publish","hentry"],"acf":[],"_links":{"self":[{"href":"https:\/\/lieblingsquartiere.com\/en\/wp-json\/wp\/v2\/pages\/252","targetHints":{"allow":["GET"]}}],"collection":[{"href":"https:\/\/lieblingsquartiere.com\/en\/wp-json\/wp\/v2\/pages"}],"about":[{"href":"https:\/\/lieblingsquartiere.com\/en\/wp-json\/wp\/v2\/types\/page"}],"author":[{"embeddable":true,"href":"https:\/\/lieblingsquartiere.com\/en\/wp-json\/wp\/v2\/users\/3"}],"replies":[{"embeddable":true,"href":"https:\/\/lieblingsquartiere.com\/en\/wp-json\/wp\/v2\/comments?post=252"}],"version-history":[{"count":5,"href":"https:\/\/lieblingsquartiere.com\/en\/wp-json\/wp\/v2\/pages\/252\/revisions"}],"predecessor-version":[{"id":33511,"href":"https:\/\/lieblingsquartiere.com\/en\/wp-json\/wp\/v2\/pages\/252\/revisions\/33511"}],"wp:attachment":[{"href":"https:\/\/lieblingsquartiere.com\/en\/wp-json\/wp\/v2\/media?parent=252"}],"curies":[{"name":"wp","href":"https:\/\/api.w.org\/{rel}","templated":true}]}}