{"id":6207,"date":"2018-08-09T13:32:49","date_gmt":"2018-08-09T13:32:49","guid":{"rendered":"https:\/\/lieblingsquartiere.com\/?page_id=6207"},"modified":"2026-04-16T15:03:34","modified_gmt":"2026-04-16T13:03:34","slug":"home","status":"publish","type":"page","link":"https:\/\/lieblingsquartiere.com\/en\/","title":{"rendered":"Home"},"content":{"rendered":"<h1 class=\"breadcrumbs\">Exceptional and individual holiday homes, flats, hotels and hostels<\/h1>\n<h2 class=\"h1\">THEY ARE OUT THERE ...<\/h2>\n<p>Places where you feel welcome, which have a special feel, and where you are absolutely certain\u2014I\u2019m going to like it here! Lieblingsquartiere brings together a selection of holiday accommodations personally curated by us, guaranteed to pique your wanderlust and make you want to pack your bags and head for parts unknown. Holiday homes, hotels, B&amp;Bs and hostels that tell stories. That turn our heads with their charm, their design, their sustainability, their architecture or their location. We want to make it easier for all the road trippers, city hoppers, globetrotters, and travel junkies of this world to find exceptional accommodation.\u00a0<\/p>\n<p>Our selection includes<\/p>\n<ul>\n<li>Individual holiday homes and flats<\/li>\n<li>Designer hotels<\/li>\n<li>Out-of-the-ordinary accommodations<\/li>\n<li>Small, owner-managed B&amp;Bs, hotels and guesthouses<\/li>\n<\/ul>","protected":false},"excerpt":{"rendered":"<p>Aussergew\u00f6hnliche und individuelle Ferienh\u00e4user, Appartements, Hotels und Hostels Es gibt sie doch &#8230; Quartiere, in denen man sich pers\u00f6nlich willkommen f\u00fchlt, die eine besondere Ausstrahlung haben und bei denen man wei\u00df: Ja, wir k\u00f6nnen Freunde werden! \u201eLieblingsquartiere\u201c versammelt eine von uns pers\u00f6nlich kuratierte Auswahl an Ferienunterk\u00fcnften, die Fernweh in den Alltag schmuggeln und ordentlich Laune [&hellip;]<\/p>\n","protected":false},"author":3,"featured_media":0,"parent":0,"menu_order":15,"comment_status":"closed","ping_status":"closed","template":"","meta":{"_acf_changed":false,"footnotes":""},"class_list":["post-6207","page","type-page","status-publish","hentry"],"acf":[],"_links":{"self":[{"href":"https:\/\/lieblingsquartiere.com\/en\/wp-json\/wp\/v2\/pages\/6207","targetHints":{"allow":["GET"]}}],"collection":[{"href":"https:\/\/lieblingsquartiere.com\/en\/wp-json\/wp\/v2\/pages"}],"about":[{"href":"https:\/\/lieblingsquartiere.com\/en\/wp-json\/wp\/v2\/types\/page"}],"author":[{"embeddable":true,"href":"https:\/\/lieblingsquartiere.com\/en\/wp-json\/wp\/v2\/users\/3"}],"replies":[{"embeddable":true,"href":"https:\/\/lieblingsquartiere.com\/en\/wp-json\/wp\/v2\/comments?post=6207"}],"version-history":[{"count":12,"href":"https:\/\/lieblingsquartiere.com\/en\/wp-json\/wp\/v2\/pages\/6207\/revisions"}],"predecessor-version":[{"id":43280,"href":"https:\/\/lieblingsquartiere.com\/en\/wp-json\/wp\/v2\/pages\/6207\/revisions\/43280"}],"wp:attachment":[{"href":"https:\/\/lieblingsquartiere.com\/en\/wp-json\/wp\/v2\/media?parent=6207"}],"curies":[{"name":"wp","href":"https:\/\/api.w.org\/{rel}","templated":true}]}}