{"id":84,"date":"2015-02-09T03:56:14","date_gmt":"2015-02-09T03:56:14","guid":{"rendered":"http:\/\/192.168.1.215\/__wordpress_barebone2\/?page_id=84"},"modified":"2026-01-23T18:43:05","modified_gmt":"2026-01-23T17:43:05","slug":"kontakt","status":"publish","type":"page","link":"https:\/\/lieblingsquartiere.com\/en\/kontakt\/","title":{"rendered":"Contact \/ Info for hotels and cottages"},"content":{"rendered":"<p>Alle Hotels, Hostels und Ferienh\u00e4user auf der Website Lieblingsquartiere werden von uns pers\u00f6nlich ausgew\u00e4hlt und kuratiert. Hoteliers und Ferienhausbesitzer, die an einer Ver\u00f6ffentlichung auf Lieblingsquartiere interessiert sind, k\u00f6nnen uns gern eine E-Mail mit Link zu der entsprechenden Website schicken.&nbsp;Wir pr\u00fcfen dann, ob die Unterkunft zu uns passt und schicken gegebenenfalls weitere Informationen sowie unsere Leistungen und Preise.<\/p>\n\n\n\n<p>All hotels, hostels and rental homes represented on Lieblingsquartiere are chosen and curated by us. If you own or run any kind of accommodation and would like to join Lieblingsquartiere, we would love to hear from you! Please send us an email including a link to your website. We will have a look at the website and if you meet our criteria, we will send you a list with our rates and services.<\/p>\n\n\n\n<p>Write us: \/ Contact us: <a href=\"mailto:contact@lieblingsquartiere.com\">contact@lieblingsquartiere.com<\/a><\/p>\n\n\n\n<p>&nbsp;<\/p>\n\n\n\n<p>&nbsp;<\/p>","protected":false},"excerpt":{"rendered":"<p>Alle Hotels, Hostels und Ferienh\u00e4user auf der Website Lieblingsquartiere werden von uns pers\u00f6nlich ausgew\u00e4hlt und kuratiert. Hoteliers und Ferienhausbesitzer, die an einer Ver\u00f6ffentlichung auf Lieblingsquartiere interessiert sind, k\u00f6nnen uns gern eine E-Mail mit Link zu der entsprechenden Website schicken.&nbsp;Wir pr\u00fcfen dann, ob die Unterkunft zu uns passt und schicken gegebenenfalls weitere Informationen sowie unsere Leistungen [&hellip;]<\/p>\n","protected":false},"author":3,"featured_media":0,"parent":0,"menu_order":23,"comment_status":"closed","ping_status":"closed","template":"","meta":{"_acf_changed":false,"footnotes":""},"class_list":["post-84","page","type-page","status-publish","hentry"],"acf":[],"_links":{"self":[{"href":"https:\/\/lieblingsquartiere.com\/en\/wp-json\/wp\/v2\/pages\/84","targetHints":{"allow":["GET"]}}],"collection":[{"href":"https:\/\/lieblingsquartiere.com\/en\/wp-json\/wp\/v2\/pages"}],"about":[{"href":"https:\/\/lieblingsquartiere.com\/en\/wp-json\/wp\/v2\/types\/page"}],"author":[{"embeddable":true,"href":"https:\/\/lieblingsquartiere.com\/en\/wp-json\/wp\/v2\/users\/3"}],"replies":[{"embeddable":true,"href":"https:\/\/lieblingsquartiere.com\/en\/wp-json\/wp\/v2\/comments?post=84"}],"version-history":[{"count":2,"href":"https:\/\/lieblingsquartiere.com\/en\/wp-json\/wp\/v2\/pages\/84\/revisions"}],"predecessor-version":[{"id":41850,"href":"https:\/\/lieblingsquartiere.com\/en\/wp-json\/wp\/v2\/pages\/84\/revisions\/41850"}],"wp:attachment":[{"href":"https:\/\/lieblingsquartiere.com\/en\/wp-json\/wp\/v2\/media?parent=84"}],"curies":[{"name":"wp","href":"https:\/\/api.w.org\/{rel}","templated":true}]}}